{"id":31203,"date":"2022-01-21T10:48:02","date_gmt":"2022-01-21T09:48:02","guid":{"rendered":"https:\/\/www.lesdigivores.ch\/consulting-for-strategic-innovation-design-thinking-design-sprint\/"},"modified":"2023-03-20T09:08:05","modified_gmt":"2023-03-20T08:08:05","slug":"consulting-for-strategic-innovation-design-thinking-design-sprint","status":"publish","type":"page","link":"https:\/\/www.lesdigivores.ch\/en\/consulting-for-strategic-innovation-design-thinking-design-sprint\/","title":{"rendered":"Consulting for strategic innovation, design thinking, design sprint"},"content":{"rendered":"<p>Innovation and design thinking advisory agency<\/p>\n<p>Nowadays, innovation has an increasing importance in the development of companies. In order to face an ever-increasing competition and increasingly demanding and informed customers, even small companies must innovate.<\/p>\n<h2>You wish to :<\/h2>\n<ul>\n<li>Improve sales and customer relationship<\/li>\n<li>Reduce waste and costs<\/li>\n<li>Improve your market positioning<\/li>\n<\/ul>\n<h2>Our missions for innovation for your organization:<\/h2>\n<ul>\n<li>Rebranding<\/li>\n<li>Events, launch of new products<\/li>\n<li>Digital transformation<\/li>\n<li>New business model (product\/service mix)<\/li>\n<li>National and international market development<\/li>\n<\/ul>\n<h2>We design successful brands that are built to last.<\/h2>\n<p>With ever shortening innovation cycles, global competition and demanding customers, many manufacturers and technology companies are now looking to reshape their brands to stand out from their peers and generate long-term value. We help companies to engage with their brands, building unique stories that will stand the test of time.<\/p>\n<h2>The Design Sprint<\/h2>\n<p>The Design Sprint is an innovation method inspired by the principles of Lean Startup and Design Thinking. The Design Sprint aims to accelerate problem solving and creativity in the company. The goal is to meet the needs of users and customers quickly and cost-effectively. With the Design Sprint, in 5 days, a small team moves from a problem to the user testing of a prototype.<\/p>\n<p>If you can truly define the problem, you&#8217;ve also already found the solution.&#8221; &#8211; Chip Kidd<\/p>\n<p>&nbsp;<\/p>\n<p><\/p>\n<h2>Les INNOVORES<\/h2>\n<p>Les INNOVORES is a new brand from Les DIGIVORES. We have brought together skills ranging from marketing to digital transformation to innovation. We offer <a href=\"https:\/\/lesinnovores.ch\">strategic innovation advisory services<\/a> to large and medium-sized companies.<\/p>\n<p><\/p>\n<p><a title=\"All services in communication and marketing strategy\" href=\"\/services-et-strategie-de-marketing-et-communication-agence-a-geneve\/\">All services<\/a><\/p>\n<p><\/p>\n<p>Contact<\/p>\n<p><\/p>\n","protected":false},"excerpt":{"rendered":"<p><div class=\"et_pb_module dsm_typing_effect dsm_typing_effect_0 textEffectStPageDesignUi et_pb_bg_layout_light \">\n\t\t\t\t\n\t\t\t\t\n\t\t\t\t\n\t\t\t\t\n\t\t\t\t\n\t\t\t\t\n\t\t\t\t<div class=\"et_pb_module_inner\">\n\t\t\t\t\t<h1 class=\"dsm-typing-effect et_pb_module_header\" aria-label=\"Innovation and design thinking advisory agency\"> <span class=\"dsm-typing-wrapper\"><span class=\"dsm-typing-strings\">Innovation and design thinking advisory agency<\/span><span class=\"dsm-typing\" aria-hidden=\"true\" data-dsm-typing-cursor=\"_\" data-dsm-typing-strings=\"Innovation and design thinking advisory agency\" data-dsm-typing-speed=100ms data-dsm-typing-backspeed=50ms data-dsm-typing-backdelay=700ms data-dsm-typing-loop=true data-dsm-typing-fadeout=false data-dsm-typing-shuffle=false data-dsm-typing-delay=0ms data-dsm-typing-viewport=80% data-dsm-typing-repeat=on><\/span><\/span><\/h1>\n\t\t\t\t<\/div>\n\t\t\t<\/div>Innovation and design thinking advisory agencyNowadays, innovation has an increasing importance in the development of companies. In order to face an ever-increasing competition and increasingly demanding and informed customers, even small companies must innovate. You wish to : Improve sales and customer relationship Reduce waste and costs Improve your market positioning Our missions for innovation for your organization: Rebranding Events, launch of new products Digital transformation New business model (product\/service mix) National and international market development We design successful brands that are built to last. With ever shortening innovation cycles, global competition and demanding customers, many manufacturers and technology companies are now looking to reshape their brands to stand out from their peers and generate long-term value. We help companies to engage with their brands, building unique stories that will stand the test of time. The Design Sprint The Design Sprint is an innovation method inspired by the principles of Lean Startup and Design Thinking. The Design Sprint aims to accelerate problem solving and creativity in the company. The goal is to meet the needs of users and customers quickly and cost-effectively. With the Design [&hellip;]<\/p>\n","protected":false},"author":10,"featured_media":0,"parent":0,"menu_order":0,"comment_status":"closed","ping_status":"closed","template":"","meta":{"_et_pb_use_builder":"on","_et_pb_old_content":"","_et_gb_content_width":"","content-type":"","inline_featured_image":false,"footnotes":""},"class_list":["post-31203","page","type-page","status-publish","hentry"],"yoast_head":"<!-- This site is optimized with the Yoast SEO plugin v27.4 - https:\/\/yoast.com\/product\/yoast-seo-wordpress\/ -->\n<title>Consulting for strategic innovation, design thinking, design sprint - Les DIGIVORES<\/title>\n<meta name=\"description\" content=\"Strategic innovation consulting for SMEs and startups. We support you with design sprints and an innovation strategy.\" \/>\n<meta name=\"robots\" content=\"index, follow, max-snippet:-1, max-image-preview:large, max-video-preview:-1\" \/>\n<link rel=\"canonical\" href=\"https:\/\/www.lesdigivores.ch\/en\/consulting-for-strategic-innovation-design-thinking-design-sprint\/\" \/>\n<meta property=\"og:locale\" content=\"en_US\" \/>\n<meta property=\"og:type\" content=\"article\" \/>\n<meta property=\"og:title\" content=\"Consulting for strategic innovation, design thinking, design sprint - Les DIGIVORES\" \/>\n<meta property=\"og:description\" content=\"Strategic innovation consulting for SMEs and startups. We support you with design sprints and an innovation strategy.\" \/>\n<meta property=\"og:url\" content=\"https:\/\/www.lesdigivores.ch\/en\/consulting-for-strategic-innovation-design-thinking-design-sprint\/\" \/>\n<meta property=\"og:site_name\" content=\"Les DIGIVORES\" \/>\n<meta property=\"article:publisher\" content=\"https:\/\/www.facebook.com\/lesdigivores\" \/>\n<meta property=\"article:modified_time\" content=\"2023-03-20T08:08:05+00:00\" \/>\n<meta property=\"og:image\" content=\"https:\/\/www.lesdigivores.ch\/wordpress2022\/wp-content\/uploads\/2023\/04\/agence-digitale-a-geneve-en-Suisse.jpg\" \/>\n\t<meta property=\"og:image:width\" content=\"1200\" \/>\n\t<meta property=\"og:image:height\" content=\"675\" \/>\n\t<meta property=\"og:image:type\" content=\"image\/jpeg\" \/>\n<meta name=\"twitter:card\" content=\"summary_large_image\" \/>\n<meta name=\"twitter:site\" content=\"@lesdigivores\" \/>\n<meta name=\"twitter:label1\" content=\"Est. reading time\" \/>\n\t<meta name=\"twitter:data1\" content=\"6 minutes\" \/>\n<script type=\"application\/ld+json\" class=\"yoast-schema-graph\">{\"@context\":\"https:\\\/\\\/schema.org\",\"@graph\":[{\"@type\":\"WebPage\",\"@id\":\"https:\\\/\\\/www.lesdigivores.ch\\\/en\\\/consulting-for-strategic-innovation-design-thinking-design-sprint\\\/\",\"url\":\"https:\\\/\\\/www.lesdigivores.ch\\\/en\\\/consulting-for-strategic-innovation-design-thinking-design-sprint\\\/\",\"name\":\"Consulting for strategic innovation, design thinking, design sprint - Les DIGIVORES\",\"isPartOf\":{\"@id\":\"https:\\\/\\\/www.lesdigivores.ch\\\/en\\\/#website\"},\"datePublished\":\"2022-01-21T09:48:02+00:00\",\"dateModified\":\"2023-03-20T08:08:05+00:00\",\"description\":\"Strategic innovation consulting for SMEs and startups. We support you with design sprints and an innovation strategy.\",\"breadcrumb\":{\"@id\":\"https:\\\/\\\/www.lesdigivores.ch\\\/en\\\/consulting-for-strategic-innovation-design-thinking-design-sprint\\\/#breadcrumb\"},\"inLanguage\":\"en-US\",\"potentialAction\":[{\"@type\":\"ReadAction\",\"target\":[\"https:\\\/\\\/www.lesdigivores.ch\\\/en\\\/consulting-for-strategic-innovation-design-thinking-design-sprint\\\/\"]}]},{\"@type\":\"BreadcrumbList\",\"@id\":\"https:\\\/\\\/www.lesdigivores.ch\\\/en\\\/consulting-for-strategic-innovation-design-thinking-design-sprint\\\/#breadcrumb\",\"itemListElement\":[{\"@type\":\"ListItem\",\"position\":1,\"name\":\"Accueil\",\"item\":\"https:\\\/\\\/www.lesdigivores.ch\\\/en\\\/\"},{\"@type\":\"ListItem\",\"position\":2,\"name\":\"Consulting for strategic innovation, design thinking, design sprint\"}]},{\"@type\":\"WebSite\",\"@id\":\"https:\\\/\\\/www.lesdigivores.ch\\\/en\\\/#website\",\"url\":\"https:\\\/\\\/www.lesdigivores.ch\\\/en\\\/\",\"name\":\"Les DIGIVORES\",\"description\":\"Agence digitale et strat\u00e9gie marketing \u00e0 Gen\u00e8ve en Suisse\",\"publisher\":{\"@id\":\"https:\\\/\\\/www.lesdigivores.ch\\\/en\\\/#organization\"},\"potentialAction\":[{\"@type\":\"SearchAction\",\"target\":{\"@type\":\"EntryPoint\",\"urlTemplate\":\"https:\\\/\\\/www.lesdigivores.ch\\\/en\\\/?s={search_term_string}\"},\"query-input\":{\"@type\":\"PropertyValueSpecification\",\"valueRequired\":true,\"valueName\":\"search_term_string\"}}],\"inLanguage\":\"en-US\"},{\"@type\":\"Organization\",\"@id\":\"https:\\\/\\\/www.lesdigivores.ch\\\/en\\\/#organization\",\"name\":\"Les DIGIVORES\",\"url\":\"https:\\\/\\\/www.lesdigivores.ch\\\/en\\\/\",\"logo\":{\"@type\":\"ImageObject\",\"inLanguage\":\"en-US\",\"@id\":\"https:\\\/\\\/www.lesdigivores.ch\\\/en\\\/#\\\/schema\\\/logo\\\/image\\\/\",\"url\":\"https:\\\/\\\/www.lesdigivores.ch\\\/wordpress2022\\\/wp-content\\\/uploads\\\/2022\\\/02\\\/logo-les-digivores-noir-180x180-1.png\",\"contentUrl\":\"https:\\\/\\\/www.lesdigivores.ch\\\/wordpress2022\\\/wp-content\\\/uploads\\\/2022\\\/02\\\/logo-les-digivores-noir-180x180-1.png\",\"width\":180,\"height\":180,\"caption\":\"Les DIGIVORES\"},\"image\":{\"@id\":\"https:\\\/\\\/www.lesdigivores.ch\\\/en\\\/#\\\/schema\\\/logo\\\/image\\\/\"},\"sameAs\":[\"https:\\\/\\\/www.facebook.com\\\/lesdigivores\",\"https:\\\/\\\/x.com\\\/lesdigivores\",\"https:\\\/\\\/instagram.com\\\/lesdigivores\\\/\",\"https:\\\/\\\/www.linkedin.com\\\/company\\\/lesdigivores-ch\",\"https:\\\/\\\/www.pinterest.com\\\/lesdigivores\\\/\",\"https:\\\/\\\/www.youtube.com\\\/channel\\\/UCHN03UHWR8KSvhC4ftAC9lQ\"]}]}<\/script>\n<!-- \/ Yoast SEO plugin. -->","yoast_head_json":{"title":"Consulting for strategic innovation, design thinking, design sprint - Les DIGIVORES","description":"Strategic innovation consulting for SMEs and startups. We support you with design sprints and an innovation strategy.","robots":{"index":"index","follow":"follow","max-snippet":"max-snippet:-1","max-image-preview":"max-image-preview:large","max-video-preview":"max-video-preview:-1"},"canonical":"https:\/\/www.lesdigivores.ch\/en\/consulting-for-strategic-innovation-design-thinking-design-sprint\/","og_locale":"en_US","og_type":"article","og_title":"Consulting for strategic innovation, design thinking, design sprint - Les DIGIVORES","og_description":"Strategic innovation consulting for SMEs and startups. We support you with design sprints and an innovation strategy.","og_url":"https:\/\/www.lesdigivores.ch\/en\/consulting-for-strategic-innovation-design-thinking-design-sprint\/","og_site_name":"Les DIGIVORES","article_publisher":"https:\/\/www.facebook.com\/lesdigivores","article_modified_time":"2023-03-20T08:08:05+00:00","og_image":[{"width":1200,"height":675,"url":"https:\/\/www.lesdigivores.ch\/wordpress2022\/wp-content\/uploads\/2023\/04\/agence-digitale-a-geneve-en-Suisse.jpg","type":"image\/jpeg"}],"twitter_card":"summary_large_image","twitter_site":"@lesdigivores","twitter_misc":{"Est. reading time":"6 minutes"},"schema":{"@context":"https:\/\/schema.org","@graph":[{"@type":"WebPage","@id":"https:\/\/www.lesdigivores.ch\/en\/consulting-for-strategic-innovation-design-thinking-design-sprint\/","url":"https:\/\/www.lesdigivores.ch\/en\/consulting-for-strategic-innovation-design-thinking-design-sprint\/","name":"Consulting for strategic innovation, design thinking, design sprint - Les DIGIVORES","isPartOf":{"@id":"https:\/\/www.lesdigivores.ch\/en\/#website"},"datePublished":"2022-01-21T09:48:02+00:00","dateModified":"2023-03-20T08:08:05+00:00","description":"Strategic innovation consulting for SMEs and startups. We support you with design sprints and an innovation strategy.","breadcrumb":{"@id":"https:\/\/www.lesdigivores.ch\/en\/consulting-for-strategic-innovation-design-thinking-design-sprint\/#breadcrumb"},"inLanguage":"en-US","potentialAction":[{"@type":"ReadAction","target":["https:\/\/www.lesdigivores.ch\/en\/consulting-for-strategic-innovation-design-thinking-design-sprint\/"]}]},{"@type":"BreadcrumbList","@id":"https:\/\/www.lesdigivores.ch\/en\/consulting-for-strategic-innovation-design-thinking-design-sprint\/#breadcrumb","itemListElement":[{"@type":"ListItem","position":1,"name":"Accueil","item":"https:\/\/www.lesdigivores.ch\/en\/"},{"@type":"ListItem","position":2,"name":"Consulting for strategic innovation, design thinking, design sprint"}]},{"@type":"WebSite","@id":"https:\/\/www.lesdigivores.ch\/en\/#website","url":"https:\/\/www.lesdigivores.ch\/en\/","name":"Les DIGIVORES","description":"Agence digitale et strat\u00e9gie marketing \u00e0 Gen\u00e8ve en Suisse","publisher":{"@id":"https:\/\/www.lesdigivores.ch\/en\/#organization"},"potentialAction":[{"@type":"SearchAction","target":{"@type":"EntryPoint","urlTemplate":"https:\/\/www.lesdigivores.ch\/en\/?s={search_term_string}"},"query-input":{"@type":"PropertyValueSpecification","valueRequired":true,"valueName":"search_term_string"}}],"inLanguage":"en-US"},{"@type":"Organization","@id":"https:\/\/www.lesdigivores.ch\/en\/#organization","name":"Les DIGIVORES","url":"https:\/\/www.lesdigivores.ch\/en\/","logo":{"@type":"ImageObject","inLanguage":"en-US","@id":"https:\/\/www.lesdigivores.ch\/en\/#\/schema\/logo\/image\/","url":"https:\/\/www.lesdigivores.ch\/wordpress2022\/wp-content\/uploads\/2022\/02\/logo-les-digivores-noir-180x180-1.png","contentUrl":"https:\/\/www.lesdigivores.ch\/wordpress2022\/wp-content\/uploads\/2022\/02\/logo-les-digivores-noir-180x180-1.png","width":180,"height":180,"caption":"Les DIGIVORES"},"image":{"@id":"https:\/\/www.lesdigivores.ch\/en\/#\/schema\/logo\/image\/"},"sameAs":["https:\/\/www.facebook.com\/lesdigivores","https:\/\/x.com\/lesdigivores","https:\/\/instagram.com\/lesdigivores\/","https:\/\/www.linkedin.com\/company\/lesdigivores-ch","https:\/\/www.pinterest.com\/lesdigivores\/","https:\/\/www.youtube.com\/channel\/UCHN03UHWR8KSvhC4ftAC9lQ"]}]}},"_links":{"self":[{"href":"https:\/\/www.lesdigivores.ch\/en\/wp-json\/wp\/v2\/pages\/31203","targetHints":{"allow":["GET"]}}],"collection":[{"href":"https:\/\/www.lesdigivores.ch\/en\/wp-json\/wp\/v2\/pages"}],"about":[{"href":"https:\/\/www.lesdigivores.ch\/en\/wp-json\/wp\/v2\/types\/page"}],"author":[{"embeddable":true,"href":"https:\/\/www.lesdigivores.ch\/en\/wp-json\/wp\/v2\/users\/10"}],"replies":[{"embeddable":true,"href":"https:\/\/www.lesdigivores.ch\/en\/wp-json\/wp\/v2\/comments?post=31203"}],"version-history":[{"count":0,"href":"https:\/\/www.lesdigivores.ch\/en\/wp-json\/wp\/v2\/pages\/31203\/revisions"}],"wp:attachment":[{"href":"https:\/\/www.lesdigivores.ch\/en\/wp-json\/wp\/v2\/media?parent=31203"}],"curies":[{"name":"wp","href":"https:\/\/api.w.org\/{rel}","templated":true}]}}