{"id":31210,"date":"2022-01-20T10:13:31","date_gmt":"2022-01-20T09:13:31","guid":{"rendered":"https:\/\/www.lesdigivores.ch\/branding-agency-brand-creation-communication-and-marketing-agency\/"},"modified":"2023-01-17T15:33:08","modified_gmt":"2023-01-17T14:33:08","slug":"branding-agency-brand-creation-communication-and-marketing-agency","status":"publish","type":"page","link":"https:\/\/www.lesdigivores.ch\/en\/branding-agency-brand-creation-communication-and-marketing-agency\/","title":{"rendered":"Branding agency, brand creation, communication and marketing agency"},"content":{"rendered":"<p><\/p>\n<p>Branding agencyg, brand building<\/p>\n<p><\/p>\n<blockquote>\n<h2>&#8220;If you don&#8217;t tell your audience how to talk about your brand, they will define a way to talk about you themselves.&#8221; David Brier<\/h2>\n<\/blockquote>\n<p>A brand is a distinctive sign, a value proposition that allows customers to differentiate a company&#8217;s products or services from those offered by their competitors.<\/p>\n<p>Many brands are inconsistent and do not offer a clear vision of their values, their alignment is not complete and does not correlate with their vision, style, values etc. therefore, they do not have a clear promise for their customers.<\/p>\n<p>The notion of brand is not reserved for large companies, it applies to any commercial entity or organization that offers products or services to its customers or users and that wishes to demonstrate that the promise made to them is in line with what they expect.<\/p>\n<p>Many companies or organizations are struggling with converting their customers because their customers don&#8217;t clearly understand what is being offered to them. Indeed, they must recognize the vision, mission, values and style of the brand.<\/p>\n<p><\/p>\n<p>Branding agencyg, brand building<\/p>\n<p><\/p>\n<h2>Brand platform<\/h2>\n<p>To ensure full consistency, messages and content must be aligned with the brand strategy. Our goal is to get our clients to offer their audiences the universe created for them.<br \/><a href=\"https:\/\/www.lesdigivores.ch\/en\/communication-and-marketing-workshops\/\">We ensure that marketing and communication actions are aligned with coherent and clear objectives.<\/a><\/p>\n<p>This process would lead to the elaboration of a brand platform, a document that includes the vision, missions, values, style, etc., so that all marketing and communication actions have a clear reference. A lighthouse in the night to guide actions!<\/p>\n<p>The style includes the logo, the graphic guidelines, the editorial line and is reflected in the website, social networks, content or advertising.<\/p>\n<p>&nbsp;<\/p>\n<p><strong>Every story we tell, every brand we build, and every interaction we create should not only look good, but should feel good and work perfectly!<\/strong><\/p>\n<p><\/p>\n<p>Branding agencyg, brand building<\/p>\n<p><\/p>\n<h2><strong>The process<\/strong><\/h2>\n<p><strong>1. Brand strategy<\/strong><\/p>\n<ul>\n<li>Analysis of the market and competition, in order to understand the territory occupied by other companies or organizations in the market.<\/li>\n<li>Detailed study of the targets (personas, proto-personas) of their psychological profiles and their expectations, problems to be solved in order to identify the structuring elements that the brand&#8217;s response must bring them.<\/li>\n<li>Definition of the values promoted by the company or the product, and the stakeholders (founders and employees) and the definition of a unique value proposition<\/li>\n<li>Definition of the brand&#8217;s positioning<\/li>\n<\/ul>\n<p><strong>2. Building the identity<\/strong><\/p>\n<ul>\n<li>Design of the visual universe of the brand, composed of the different visual elements necessary to its embodiment (typographies, colors, graphic style, photographic style)<\/li>\n<li>Design or change of the logo, according to the objectives and based on the positioning and style<\/li>\n<li>Creation of a baseline (or signature) in addition to the logo, as the backbone of the brand storytelling, as well as the associated lexical fields<\/li>\n<li>Definition of an editorial line<\/li>\n<\/ul>\n<p><strong>3. Deployment of the brand universe<\/strong><\/p>\n<ul>\n<li>Media creation: website, social networks, advertising etc.<\/li>\n<li>Design of the brand&#8217;s print media: publishing, press advertising, billboards, promotion &amp; POS, etc.<\/li>\n<li>Design of the brand&#8217;s retail universe: pop up stores, stand, stores &amp; boutiques, goodies etc.<\/li>\n<\/ul>\n<p><strong>DIGIVORES is committed to providing <a href=\"https:\/\/www.lesdigivores.ch\/en\/communication-and-marketing-workshops\/\">360\u02da marketing and communication services<\/a> that create identities, build brands, drive interactions and achieve results. Pixel by pixel !<\/strong><\/p>\n<p><\/p>\n<p><a href=\"\/services-et-strategie-de-marketing-et-communication-agence-a-geneve\/\" title=\"All services in communication and marketing strategy\">All services<\/a><\/p>\n<p><\/p>\n<p><a href=\"https:\/\/www.lesdigivores.ch\/contacter-les-digivores-agence-de-marketing-et-communication-a-geneve\/\">Contact<\/a><\/p>\n<p><\/p>\n","protected":false},"excerpt":{"rendered":"<p><div class=\"et_pb_module dsm_typing_effect dsm_typing_effect_0 textEffectStPageBranding et_pb_bg_layout_light \">\n\t\t\t\t\n\t\t\t\t\n\t\t\t\t\n\t\t\t\t\n\t\t\t\t\n\t\t\t\t\n\t\t\t\t<div class=\"et_pb_module_inner\">\n\t\t\t\t\t<h1 class=\"dsm-typing-effect et_pb_module_header\" aria-label=\"Branding Agency - Brand Building\"> <span class=\"dsm-typing-wrapper\"><span class=\"dsm-typing-strings\">Branding Agency - Brand Building<\/span><span class=\"dsm-typing\" aria-hidden=\"true\" data-dsm-typing-cursor=\"_\" data-dsm-typing-strings=\"Branding Agency - Brand Building\" data-dsm-typing-speed=100ms data-dsm-typing-backspeed=50ms data-dsm-typing-backdelay=700ms data-dsm-typing-loop=true data-dsm-typing-fadeout=false data-dsm-typing-shuffle=false data-dsm-typing-delay=0ms data-dsm-typing-viewport=80% data-dsm-typing-repeat=on><\/span><\/span><\/h1>\n\t\t\t\t<\/div>\n\t\t\t<\/div>Branding agencyg, brand building &#8220;If you don&#8217;t tell your audience how to talk about your brand, they will define a way to talk about you themselves.&#8221; David Brier A brand is a distinctive sign, a value proposition that allows customers to differentiate a company&#8217;s products or services from those offered by their competitors. Many brands are inconsistent and do not offer a clear vision of their values, their alignment is not complete and does not correlate with their vision, style, values etc. therefore, they do not have a clear promise for their customers. The notion of brand is not reserved for large companies, it applies to any commercial entity or organization that offers products or services to its customers or users and that wishes to demonstrate that the promise made to them is in line with what they expect. Many companies or organizations are struggling with converting their customers because their customers don&#8217;t clearly understand what is being offered to them. Indeed, they must recognize the vision, mission, values and style of the brand.Branding agencyg, brand buildingBrand platform To ensure full consistency, messages [&hellip;]<\/p>\n","protected":false},"author":10,"featured_media":0,"parent":0,"menu_order":0,"comment_status":"closed","ping_status":"closed","template":"","meta":{"_et_pb_use_builder":"on","_et_pb_old_content":"","_et_gb_content_width":"","content-type":"","inline_featured_image":false,"footnotes":""},"class_list":["post-31210","page","type-page","status-publish","hentry"],"yoast_head":"<!-- This site is optimized with the Yoast SEO plugin v27.4 - https:\/\/yoast.com\/product\/yoast-seo-wordpress\/ -->\n<title>Branding agency, brand creation, communication and marketing agency - Les DIGIVORES<\/title>\n<meta name=\"description\" content=\"The expertise of a multidisciplinary and experienced team to transform your ideas into an influential brand. Value Proposition.\" \/>\n<meta name=\"robots\" content=\"index, follow, max-snippet:-1, max-image-preview:large, max-video-preview:-1\" \/>\n<link rel=\"canonical\" href=\"https:\/\/www.lesdigivores.ch\/en\/branding-agency-brand-creation-communication-and-marketing-agency\/\" \/>\n<meta property=\"og:locale\" content=\"en_US\" \/>\n<meta property=\"og:type\" content=\"article\" \/>\n<meta property=\"og:title\" content=\"Branding agency, brand creation, communication and marketing agency - Les DIGIVORES\" \/>\n<meta property=\"og:description\" content=\"The expertise of a multidisciplinary and experienced team to transform your ideas into an influential brand. Value Proposition.\" \/>\n<meta property=\"og:url\" content=\"https:\/\/www.lesdigivores.ch\/en\/branding-agency-brand-creation-communication-and-marketing-agency\/\" \/>\n<meta property=\"og:site_name\" content=\"Les DIGIVORES\" \/>\n<meta property=\"article:publisher\" content=\"https:\/\/www.facebook.com\/lesdigivores\" \/>\n<meta property=\"article:modified_time\" content=\"2023-01-17T14:33:08+00:00\" \/>\n<meta property=\"og:image\" content=\"https:\/\/www.lesdigivores.ch\/wordpress2022\/wp-content\/uploads\/2023\/04\/agence-digitale-a-geneve-en-Suisse.jpg\" \/>\n\t<meta property=\"og:image:width\" content=\"1200\" \/>\n\t<meta property=\"og:image:height\" content=\"675\" \/>\n\t<meta property=\"og:image:type\" content=\"image\/jpeg\" \/>\n<meta name=\"twitter:card\" content=\"summary_large_image\" \/>\n<meta name=\"twitter:site\" content=\"@lesdigivores\" \/>\n<meta name=\"twitter:label1\" content=\"Est. reading time\" \/>\n\t<meta name=\"twitter:data1\" content=\"8 minutes\" \/>\n<script type=\"application\/ld+json\" class=\"yoast-schema-graph\">{\"@context\":\"https:\\\/\\\/schema.org\",\"@graph\":[{\"@type\":\"WebPage\",\"@id\":\"https:\\\/\\\/www.lesdigivores.ch\\\/en\\\/branding-agency-brand-creation-communication-and-marketing-agency\\\/\",\"url\":\"https:\\\/\\\/www.lesdigivores.ch\\\/en\\\/branding-agency-brand-creation-communication-and-marketing-agency\\\/\",\"name\":\"Branding agency, brand creation, communication and marketing agency - Les DIGIVORES\",\"isPartOf\":{\"@id\":\"https:\\\/\\\/www.lesdigivores.ch\\\/en\\\/#website\"},\"datePublished\":\"2022-01-20T09:13:31+00:00\",\"dateModified\":\"2023-01-17T14:33:08+00:00\",\"description\":\"The expertise of a multidisciplinary and experienced team to transform your ideas into an influential brand. Value Proposition.\",\"breadcrumb\":{\"@id\":\"https:\\\/\\\/www.lesdigivores.ch\\\/en\\\/branding-agency-brand-creation-communication-and-marketing-agency\\\/#breadcrumb\"},\"inLanguage\":\"en-US\",\"potentialAction\":[{\"@type\":\"ReadAction\",\"target\":[\"https:\\\/\\\/www.lesdigivores.ch\\\/en\\\/branding-agency-brand-creation-communication-and-marketing-agency\\\/\"]}]},{\"@type\":\"BreadcrumbList\",\"@id\":\"https:\\\/\\\/www.lesdigivores.ch\\\/en\\\/branding-agency-brand-creation-communication-and-marketing-agency\\\/#breadcrumb\",\"itemListElement\":[{\"@type\":\"ListItem\",\"position\":1,\"name\":\"Accueil\",\"item\":\"https:\\\/\\\/www.lesdigivores.ch\\\/en\\\/\"},{\"@type\":\"ListItem\",\"position\":2,\"name\":\"Branding agency, brand creation, communication and marketing agency\"}]},{\"@type\":\"WebSite\",\"@id\":\"https:\\\/\\\/www.lesdigivores.ch\\\/en\\\/#website\",\"url\":\"https:\\\/\\\/www.lesdigivores.ch\\\/en\\\/\",\"name\":\"Les DIGIVORES\",\"description\":\"Agence digitale et strat\u00e9gie marketing \u00e0 Gen\u00e8ve en Suisse\",\"publisher\":{\"@id\":\"https:\\\/\\\/www.lesdigivores.ch\\\/en\\\/#organization\"},\"potentialAction\":[{\"@type\":\"SearchAction\",\"target\":{\"@type\":\"EntryPoint\",\"urlTemplate\":\"https:\\\/\\\/www.lesdigivores.ch\\\/en\\\/?s={search_term_string}\"},\"query-input\":{\"@type\":\"PropertyValueSpecification\",\"valueRequired\":true,\"valueName\":\"search_term_string\"}}],\"inLanguage\":\"en-US\"},{\"@type\":\"Organization\",\"@id\":\"https:\\\/\\\/www.lesdigivores.ch\\\/en\\\/#organization\",\"name\":\"Les DIGIVORES\",\"url\":\"https:\\\/\\\/www.lesdigivores.ch\\\/en\\\/\",\"logo\":{\"@type\":\"ImageObject\",\"inLanguage\":\"en-US\",\"@id\":\"https:\\\/\\\/www.lesdigivores.ch\\\/en\\\/#\\\/schema\\\/logo\\\/image\\\/\",\"url\":\"https:\\\/\\\/www.lesdigivores.ch\\\/wordpress2022\\\/wp-content\\\/uploads\\\/2022\\\/02\\\/logo-les-digivores-noir-180x180-1.png\",\"contentUrl\":\"https:\\\/\\\/www.lesdigivores.ch\\\/wordpress2022\\\/wp-content\\\/uploads\\\/2022\\\/02\\\/logo-les-digivores-noir-180x180-1.png\",\"width\":180,\"height\":180,\"caption\":\"Les DIGIVORES\"},\"image\":{\"@id\":\"https:\\\/\\\/www.lesdigivores.ch\\\/en\\\/#\\\/schema\\\/logo\\\/image\\\/\"},\"sameAs\":[\"https:\\\/\\\/www.facebook.com\\\/lesdigivores\",\"https:\\\/\\\/x.com\\\/lesdigivores\",\"https:\\\/\\\/instagram.com\\\/lesdigivores\\\/\",\"https:\\\/\\\/www.linkedin.com\\\/company\\\/lesdigivores-ch\",\"https:\\\/\\\/www.pinterest.com\\\/lesdigivores\\\/\",\"https:\\\/\\\/www.youtube.com\\\/channel\\\/UCHN03UHWR8KSvhC4ftAC9lQ\"]}]}<\/script>\n<!-- \/ Yoast SEO plugin. -->","yoast_head_json":{"title":"Branding agency, brand creation, communication and marketing agency - Les DIGIVORES","description":"The expertise of a multidisciplinary and experienced team to transform your ideas into an influential brand. Value Proposition.","robots":{"index":"index","follow":"follow","max-snippet":"max-snippet:-1","max-image-preview":"max-image-preview:large","max-video-preview":"max-video-preview:-1"},"canonical":"https:\/\/www.lesdigivores.ch\/en\/branding-agency-brand-creation-communication-and-marketing-agency\/","og_locale":"en_US","og_type":"article","og_title":"Branding agency, brand creation, communication and marketing agency - Les DIGIVORES","og_description":"The expertise of a multidisciplinary and experienced team to transform your ideas into an influential brand. Value Proposition.","og_url":"https:\/\/www.lesdigivores.ch\/en\/branding-agency-brand-creation-communication-and-marketing-agency\/","og_site_name":"Les DIGIVORES","article_publisher":"https:\/\/www.facebook.com\/lesdigivores","article_modified_time":"2023-01-17T14:33:08+00:00","og_image":[{"width":1200,"height":675,"url":"https:\/\/www.lesdigivores.ch\/wordpress2022\/wp-content\/uploads\/2023\/04\/agence-digitale-a-geneve-en-Suisse.jpg","type":"image\/jpeg"}],"twitter_card":"summary_large_image","twitter_site":"@lesdigivores","twitter_misc":{"Est. reading time":"8 minutes"},"schema":{"@context":"https:\/\/schema.org","@graph":[{"@type":"WebPage","@id":"https:\/\/www.lesdigivores.ch\/en\/branding-agency-brand-creation-communication-and-marketing-agency\/","url":"https:\/\/www.lesdigivores.ch\/en\/branding-agency-brand-creation-communication-and-marketing-agency\/","name":"Branding agency, brand creation, communication and marketing agency - Les DIGIVORES","isPartOf":{"@id":"https:\/\/www.lesdigivores.ch\/en\/#website"},"datePublished":"2022-01-20T09:13:31+00:00","dateModified":"2023-01-17T14:33:08+00:00","description":"The expertise of a multidisciplinary and experienced team to transform your ideas into an influential brand. Value Proposition.","breadcrumb":{"@id":"https:\/\/www.lesdigivores.ch\/en\/branding-agency-brand-creation-communication-and-marketing-agency\/#breadcrumb"},"inLanguage":"en-US","potentialAction":[{"@type":"ReadAction","target":["https:\/\/www.lesdigivores.ch\/en\/branding-agency-brand-creation-communication-and-marketing-agency\/"]}]},{"@type":"BreadcrumbList","@id":"https:\/\/www.lesdigivores.ch\/en\/branding-agency-brand-creation-communication-and-marketing-agency\/#breadcrumb","itemListElement":[{"@type":"ListItem","position":1,"name":"Accueil","item":"https:\/\/www.lesdigivores.ch\/en\/"},{"@type":"ListItem","position":2,"name":"Branding agency, brand creation, communication and marketing agency"}]},{"@type":"WebSite","@id":"https:\/\/www.lesdigivores.ch\/en\/#website","url":"https:\/\/www.lesdigivores.ch\/en\/","name":"Les DIGIVORES","description":"Agence digitale et strat\u00e9gie marketing \u00e0 Gen\u00e8ve en Suisse","publisher":{"@id":"https:\/\/www.lesdigivores.ch\/en\/#organization"},"potentialAction":[{"@type":"SearchAction","target":{"@type":"EntryPoint","urlTemplate":"https:\/\/www.lesdigivores.ch\/en\/?s={search_term_string}"},"query-input":{"@type":"PropertyValueSpecification","valueRequired":true,"valueName":"search_term_string"}}],"inLanguage":"en-US"},{"@type":"Organization","@id":"https:\/\/www.lesdigivores.ch\/en\/#organization","name":"Les DIGIVORES","url":"https:\/\/www.lesdigivores.ch\/en\/","logo":{"@type":"ImageObject","inLanguage":"en-US","@id":"https:\/\/www.lesdigivores.ch\/en\/#\/schema\/logo\/image\/","url":"https:\/\/www.lesdigivores.ch\/wordpress2022\/wp-content\/uploads\/2022\/02\/logo-les-digivores-noir-180x180-1.png","contentUrl":"https:\/\/www.lesdigivores.ch\/wordpress2022\/wp-content\/uploads\/2022\/02\/logo-les-digivores-noir-180x180-1.png","width":180,"height":180,"caption":"Les DIGIVORES"},"image":{"@id":"https:\/\/www.lesdigivores.ch\/en\/#\/schema\/logo\/image\/"},"sameAs":["https:\/\/www.facebook.com\/lesdigivores","https:\/\/x.com\/lesdigivores","https:\/\/instagram.com\/lesdigivores\/","https:\/\/www.linkedin.com\/company\/lesdigivores-ch","https:\/\/www.pinterest.com\/lesdigivores\/","https:\/\/www.youtube.com\/channel\/UCHN03UHWR8KSvhC4ftAC9lQ"]}]}},"_links":{"self":[{"href":"https:\/\/www.lesdigivores.ch\/en\/wp-json\/wp\/v2\/pages\/31210","targetHints":{"allow":["GET"]}}],"collection":[{"href":"https:\/\/www.lesdigivores.ch\/en\/wp-json\/wp\/v2\/pages"}],"about":[{"href":"https:\/\/www.lesdigivores.ch\/en\/wp-json\/wp\/v2\/types\/page"}],"author":[{"embeddable":true,"href":"https:\/\/www.lesdigivores.ch\/en\/wp-json\/wp\/v2\/users\/10"}],"replies":[{"embeddable":true,"href":"https:\/\/www.lesdigivores.ch\/en\/wp-json\/wp\/v2\/comments?post=31210"}],"version-history":[{"count":0,"href":"https:\/\/www.lesdigivores.ch\/en\/wp-json\/wp\/v2\/pages\/31210\/revisions"}],"wp:attachment":[{"href":"https:\/\/www.lesdigivores.ch\/en\/wp-json\/wp\/v2\/media?parent=31210"}],"curies":[{"name":"wp","href":"https:\/\/api.w.org\/{rel}","templated":true}]}}