{"id":34500,"date":"2022-01-11T16:55:04","date_gmt":"2022-01-11T15:55:04","guid":{"rendered":"https:\/\/www.lesdigivores.ch\/portfolio-achievements-of-the-digital-agency-and-design-of-digital-products-in-geneva\/"},"modified":"2025-01-27T11:10:45","modified_gmt":"2025-01-27T10:10:45","slug":"portfolio-achievements-of-the-digital-agency-and-design-of-digital-products-in-geneva","status":"publish","type":"page","link":"https:\/\/www.lesdigivores.ch\/en\/portfolio-achievements-of-the-digital-agency-and-design-of-digital-products-in-geneva\/","title":{"rendered":"Portfolio, achievements of the digital agency and design of digital products in Geneva"},"content":{"rendered":"<p><\/p>\n","protected":false},"excerpt":{"rendered":"","protected":false},"author":10,"featured_media":0,"parent":0,"menu_order":0,"comment_status":"closed","ping_status":"closed","template":"","meta":{"_et_pb_use_builder":"on","_et_pb_old_content":"","_et_gb_content_width":"","content-type":"","inline_featured_image":false,"footnotes":""},"class_list":["post-34500","page","type-page","status-publish","hentry"],"yoast_head":"<!-- This site is optimized with the Yoast SEO plugin v27.4 - https:\/\/yoast.com\/product\/yoast-seo-wordpress\/ -->\n<title>Portfolio, achievements of the digital agency and design of digital products in Geneva - Les DIGIVORES<\/title>\n<meta name=\"description\" content=\"Digital agency, digital product design and marketing consultancy in Geneva, Switzerland. Achievements of the digital agency in Geneva.\" \/>\n<meta name=\"robots\" content=\"index, follow, max-snippet:-1, max-image-preview:large, max-video-preview:-1\" \/>\n<link rel=\"canonical\" href=\"https:\/\/www.lesdigivores.ch\/en\/portfolio-achievements-of-the-digital-agency-and-design-of-digital-products-in-geneva\/\" \/>\n<meta property=\"og:locale\" content=\"en_US\" \/>\n<meta property=\"og:type\" content=\"article\" \/>\n<meta property=\"og:title\" content=\"Portfolio, achievements of the digital agency and design of digital products in Geneva - Les DIGIVORES\" \/>\n<meta property=\"og:description\" content=\"Digital agency, digital product design and marketing consultancy in Geneva, Switzerland. Achievements of the digital agency in Geneva.\" \/>\n<meta property=\"og:url\" content=\"https:\/\/www.lesdigivores.ch\/en\/portfolio-achievements-of-the-digital-agency-and-design-of-digital-products-in-geneva\/\" \/>\n<meta property=\"og:site_name\" content=\"Les DIGIVORES\" \/>\n<meta property=\"article:publisher\" content=\"https:\/\/www.facebook.com\/lesdigivores\" \/>\n<meta property=\"article:modified_time\" content=\"2025-01-27T10:10:45+00:00\" \/>\n<meta property=\"og:image\" content=\"https:\/\/www.lesdigivores.ch\/wordpress2022\/wp-content\/uploads\/2023\/04\/agence-digitale-a-geneve-en-Suisse.jpg\" \/>\n\t<meta property=\"og:image:width\" content=\"1200\" \/>\n\t<meta property=\"og:image:height\" content=\"675\" \/>\n\t<meta property=\"og:image:type\" content=\"image\/jpeg\" \/>\n<meta name=\"twitter:card\" content=\"summary_large_image\" \/>\n<meta name=\"twitter:site\" content=\"@lesdigivores\" \/>\n<script type=\"application\/ld+json\" class=\"yoast-schema-graph\">{\"@context\":\"https:\\\/\\\/schema.org\",\"@graph\":[{\"@type\":\"WebPage\",\"@id\":\"https:\\\/\\\/www.lesdigivores.ch\\\/en\\\/portfolio-achievements-of-the-digital-agency-and-design-of-digital-products-in-geneva\\\/\",\"url\":\"https:\\\/\\\/www.lesdigivores.ch\\\/en\\\/portfolio-achievements-of-the-digital-agency-and-design-of-digital-products-in-geneva\\\/\",\"name\":\"Portfolio, achievements of the digital agency and design of digital products in Geneva - Les DIGIVORES\",\"isPartOf\":{\"@id\":\"https:\\\/\\\/www.lesdigivores.ch\\\/en\\\/#website\"},\"datePublished\":\"2022-01-11T15:55:04+00:00\",\"dateModified\":\"2025-01-27T10:10:45+00:00\",\"description\":\"Digital agency, digital product design and marketing consultancy in Geneva, Switzerland. Achievements of the digital agency in Geneva.\",\"breadcrumb\":{\"@id\":\"https:\\\/\\\/www.lesdigivores.ch\\\/en\\\/portfolio-achievements-of-the-digital-agency-and-design-of-digital-products-in-geneva\\\/#breadcrumb\"},\"inLanguage\":\"en-US\",\"potentialAction\":[{\"@type\":\"ReadAction\",\"target\":[\"https:\\\/\\\/www.lesdigivores.ch\\\/en\\\/portfolio-achievements-of-the-digital-agency-and-design-of-digital-products-in-geneva\\\/\"]}]},{\"@type\":\"BreadcrumbList\",\"@id\":\"https:\\\/\\\/www.lesdigivores.ch\\\/en\\\/portfolio-achievements-of-the-digital-agency-and-design-of-digital-products-in-geneva\\\/#breadcrumb\",\"itemListElement\":[{\"@type\":\"ListItem\",\"position\":1,\"name\":\"Accueil\",\"item\":\"https:\\\/\\\/www.lesdigivores.ch\\\/en\\\/\"},{\"@type\":\"ListItem\",\"position\":2,\"name\":\"Portfolio, achievements of the digital agency and design of digital products in Geneva\"}]},{\"@type\":\"WebSite\",\"@id\":\"https:\\\/\\\/www.lesdigivores.ch\\\/en\\\/#website\",\"url\":\"https:\\\/\\\/www.lesdigivores.ch\\\/en\\\/\",\"name\":\"Les DIGIVORES\",\"description\":\"Agence digitale et strat\u00e9gie marketing \u00e0 Gen\u00e8ve en Suisse\",\"publisher\":{\"@id\":\"https:\\\/\\\/www.lesdigivores.ch\\\/en\\\/#organization\"},\"potentialAction\":[{\"@type\":\"SearchAction\",\"target\":{\"@type\":\"EntryPoint\",\"urlTemplate\":\"https:\\\/\\\/www.lesdigivores.ch\\\/en\\\/?s={search_term_string}\"},\"query-input\":{\"@type\":\"PropertyValueSpecification\",\"valueRequired\":true,\"valueName\":\"search_term_string\"}}],\"inLanguage\":\"en-US\"},{\"@type\":\"Organization\",\"@id\":\"https:\\\/\\\/www.lesdigivores.ch\\\/en\\\/#organization\",\"name\":\"Les DIGIVORES\",\"url\":\"https:\\\/\\\/www.lesdigivores.ch\\\/en\\\/\",\"logo\":{\"@type\":\"ImageObject\",\"inLanguage\":\"en-US\",\"@id\":\"https:\\\/\\\/www.lesdigivores.ch\\\/en\\\/#\\\/schema\\\/logo\\\/image\\\/\",\"url\":\"https:\\\/\\\/www.lesdigivores.ch\\\/wordpress2022\\\/wp-content\\\/uploads\\\/2022\\\/02\\\/logo-les-digivores-noir-180x180-1.png\",\"contentUrl\":\"https:\\\/\\\/www.lesdigivores.ch\\\/wordpress2022\\\/wp-content\\\/uploads\\\/2022\\\/02\\\/logo-les-digivores-noir-180x180-1.png\",\"width\":180,\"height\":180,\"caption\":\"Les DIGIVORES\"},\"image\":{\"@id\":\"https:\\\/\\\/www.lesdigivores.ch\\\/en\\\/#\\\/schema\\\/logo\\\/image\\\/\"},\"sameAs\":[\"https:\\\/\\\/www.facebook.com\\\/lesdigivores\",\"https:\\\/\\\/x.com\\\/lesdigivores\",\"https:\\\/\\\/instagram.com\\\/lesdigivores\\\/\",\"https:\\\/\\\/www.linkedin.com\\\/company\\\/lesdigivores-ch\",\"https:\\\/\\\/www.pinterest.com\\\/lesdigivores\\\/\",\"https:\\\/\\\/www.youtube.com\\\/channel\\\/UCHN03UHWR8KSvhC4ftAC9lQ\"]}]}<\/script>\n<!-- \/ Yoast SEO plugin. -->","yoast_head_json":{"title":"Portfolio, achievements of the digital agency and design of digital products in Geneva - Les DIGIVORES","description":"Digital agency, digital product design and marketing consultancy in Geneva, Switzerland. Achievements of the digital agency in Geneva.","robots":{"index":"index","follow":"follow","max-snippet":"max-snippet:-1","max-image-preview":"max-image-preview:large","max-video-preview":"max-video-preview:-1"},"canonical":"https:\/\/www.lesdigivores.ch\/en\/portfolio-achievements-of-the-digital-agency-and-design-of-digital-products-in-geneva\/","og_locale":"en_US","og_type":"article","og_title":"Portfolio, achievements of the digital agency and design of digital products in Geneva - Les DIGIVORES","og_description":"Digital agency, digital product design and marketing consultancy in Geneva, Switzerland. Achievements of the digital agency in Geneva.","og_url":"https:\/\/www.lesdigivores.ch\/en\/portfolio-achievements-of-the-digital-agency-and-design-of-digital-products-in-geneva\/","og_site_name":"Les DIGIVORES","article_publisher":"https:\/\/www.facebook.com\/lesdigivores","article_modified_time":"2025-01-27T10:10:45+00:00","og_image":[{"width":1200,"height":675,"url":"https:\/\/www.lesdigivores.ch\/wordpress2022\/wp-content\/uploads\/2023\/04\/agence-digitale-a-geneve-en-Suisse.jpg","type":"image\/jpeg"}],"twitter_card":"summary_large_image","twitter_site":"@lesdigivores","schema":{"@context":"https:\/\/schema.org","@graph":[{"@type":"WebPage","@id":"https:\/\/www.lesdigivores.ch\/en\/portfolio-achievements-of-the-digital-agency-and-design-of-digital-products-in-geneva\/","url":"https:\/\/www.lesdigivores.ch\/en\/portfolio-achievements-of-the-digital-agency-and-design-of-digital-products-in-geneva\/","name":"Portfolio, achievements of the digital agency and design of digital products in Geneva - Les DIGIVORES","isPartOf":{"@id":"https:\/\/www.lesdigivores.ch\/en\/#website"},"datePublished":"2022-01-11T15:55:04+00:00","dateModified":"2025-01-27T10:10:45+00:00","description":"Digital agency, digital product design and marketing consultancy in Geneva, Switzerland. Achievements of the digital agency in Geneva.","breadcrumb":{"@id":"https:\/\/www.lesdigivores.ch\/en\/portfolio-achievements-of-the-digital-agency-and-design-of-digital-products-in-geneva\/#breadcrumb"},"inLanguage":"en-US","potentialAction":[{"@type":"ReadAction","target":["https:\/\/www.lesdigivores.ch\/en\/portfolio-achievements-of-the-digital-agency-and-design-of-digital-products-in-geneva\/"]}]},{"@type":"BreadcrumbList","@id":"https:\/\/www.lesdigivores.ch\/en\/portfolio-achievements-of-the-digital-agency-and-design-of-digital-products-in-geneva\/#breadcrumb","itemListElement":[{"@type":"ListItem","position":1,"name":"Accueil","item":"https:\/\/www.lesdigivores.ch\/en\/"},{"@type":"ListItem","position":2,"name":"Portfolio, achievements of the digital agency and design of digital products in Geneva"}]},{"@type":"WebSite","@id":"https:\/\/www.lesdigivores.ch\/en\/#website","url":"https:\/\/www.lesdigivores.ch\/en\/","name":"Les DIGIVORES","description":"Agence digitale et strat\u00e9gie marketing \u00e0 Gen\u00e8ve en Suisse","publisher":{"@id":"https:\/\/www.lesdigivores.ch\/en\/#organization"},"potentialAction":[{"@type":"SearchAction","target":{"@type":"EntryPoint","urlTemplate":"https:\/\/www.lesdigivores.ch\/en\/?s={search_term_string}"},"query-input":{"@type":"PropertyValueSpecification","valueRequired":true,"valueName":"search_term_string"}}],"inLanguage":"en-US"},{"@type":"Organization","@id":"https:\/\/www.lesdigivores.ch\/en\/#organization","name":"Les DIGIVORES","url":"https:\/\/www.lesdigivores.ch\/en\/","logo":{"@type":"ImageObject","inLanguage":"en-US","@id":"https:\/\/www.lesdigivores.ch\/en\/#\/schema\/logo\/image\/","url":"https:\/\/www.lesdigivores.ch\/wordpress2022\/wp-content\/uploads\/2022\/02\/logo-les-digivores-noir-180x180-1.png","contentUrl":"https:\/\/www.lesdigivores.ch\/wordpress2022\/wp-content\/uploads\/2022\/02\/logo-les-digivores-noir-180x180-1.png","width":180,"height":180,"caption":"Les DIGIVORES"},"image":{"@id":"https:\/\/www.lesdigivores.ch\/en\/#\/schema\/logo\/image\/"},"sameAs":["https:\/\/www.facebook.com\/lesdigivores","https:\/\/x.com\/lesdigivores","https:\/\/instagram.com\/lesdigivores\/","https:\/\/www.linkedin.com\/company\/lesdigivores-ch","https:\/\/www.pinterest.com\/lesdigivores\/","https:\/\/www.youtube.com\/channel\/UCHN03UHWR8KSvhC4ftAC9lQ"]}]}},"_links":{"self":[{"href":"https:\/\/www.lesdigivores.ch\/en\/wp-json\/wp\/v2\/pages\/34500","targetHints":{"allow":["GET"]}}],"collection":[{"href":"https:\/\/www.lesdigivores.ch\/en\/wp-json\/wp\/v2\/pages"}],"about":[{"href":"https:\/\/www.lesdigivores.ch\/en\/wp-json\/wp\/v2\/types\/page"}],"author":[{"embeddable":true,"href":"https:\/\/www.lesdigivores.ch\/en\/wp-json\/wp\/v2\/users\/10"}],"replies":[{"embeddable":true,"href":"https:\/\/www.lesdigivores.ch\/en\/wp-json\/wp\/v2\/comments?post=34500"}],"version-history":[{"count":0,"href":"https:\/\/www.lesdigivores.ch\/en\/wp-json\/wp\/v2\/pages\/34500\/revisions"}],"wp:attachment":[{"href":"https:\/\/www.lesdigivores.ch\/en\/wp-json\/wp\/v2\/media?parent=34500"}],"curies":[{"name":"wp","href":"https:\/\/api.w.org\/{rel}","templated":true}]}}